{"id":32,"date":"2024-11-06T19:36:20","date_gmt":"2024-11-06T19:36:20","guid":{"rendered":"https:\/\/ituzaingo.gob.ar\/turismo\/?page_id=32"},"modified":"2025-12-19T15:52:02","modified_gmt":"2025-12-19T15:52:02","slug":"inicio","status":"publish","type":"page","link":"https:\/\/ituzaingo.gob.ar\/turismo\/","title":{"rendered":"Inicio"},"content":{"rendered":"\n<div class=\"layout-menu-solo\">\n  <div class=\"menu-app\">\n\n    <a href=\"https:\/\/ituzaingo.gob.ar\/turismo\/paraiso-natural\/\" class=\"boton-app boton-amarillo\">\n      <img decoding=\"async\" src=\"https:\/\/ituzaingo.gob.ar\/turismo\/wp-content\/uploads\/2025\/04\/paraiso2-01.svg\" alt=\"Para\u00edso Natural\" class=\"icono-boton\">\n      Para\u00edso Natural\n    <\/a>\n\n    <a href=\"https:\/\/ituzaingo.gob.ar\/turismo\/que-hacer-en-ituzaingo\/\" class=\"boton-app boton-naranja\">\n      <img decoding=\"async\" src=\"https:\/\/ituzaingo.gob.ar\/turismo\/wp-content\/uploads\/2025\/04\/quehacer48x-01.svg\" alt=\"\u00bfQu\u00e9 hacer en Itu?\" class=\"icono-boton\">\n      \u00bfQu\u00e9 hacer en Itu?\n    <\/a>\n\n    <a href=\"https:\/\/ituzaingo.gob.ar\/turismo\/alojamientos\/\" class=\"boton-app boton-rojo\">\n      <img decoding=\"async\" src=\"https:\/\/ituzaingo.gob.ar\/turismo\/wp-content\/uploads\/2025\/04\/alojamiento48x-01.svg\" alt=\"Alojamientos\" class=\"icono-boton\">\n      Alojamientos\n    <\/a>\n\n    <a href=\"https:\/\/ituzaingo.gob.ar\/turismo\/gastronomia\/\" class=\"boton-app boton-vino\">\n      <img decoding=\"async\" src=\"https:\/\/ituzaingo.gob.ar\/turismo\/wp-content\/uploads\/2025\/04\/icon-gastronomia48x-01.svg\" alt=\"Gastronom\u00eda\" class=\"icono-boton\">\n      Gastronom\u00eda\n    <\/a>\n\n    <a href=\"https:\/\/ituzaingo.gob.ar\/turismo\/experiencias-imperdibles\/\" class=\"boton-app boton-verde\">\n      <img decoding=\"async\" src=\"https:\/\/ituzaingo.gob.ar\/turismo\/wp-content\/uploads\/2025\/04\/carpi.png\" alt=\"Experiencias\" class=\"icono-boton\">\n      Experiencias imperdibles\n    <\/a>\n\n    <a href=\"https:\/\/ituzaingo.gob.ar\/turismo\/eventos-anuales\/\" class=\"boton-app boton-azul\">\n      <img decoding=\"async\" src=\"https:\/\/ituzaingo.gob.ar\/turismo\/wp-content\/uploads\/2025\/04\/calendar-days-regular-01.svg\" alt=\"Nuestras Fiestas\" class=\"icono-boton\">\n      Nuestras Fiestas\n    <\/a>\n\n    <a href=\"https:\/\/ituzaingo.gob.ar\/turismo\/servicios\" class=\"boton-app boton-azul-oscuro\">\n      <img decoding=\"async\" src=\"https:\/\/ituzaingo.gob.ar\/turismo\/wp-content\/uploads\/2025\/04\/servicios48x.svg\" alt=\"Servicios\" class=\"icono-boton\">\n      Servicios\n    <\/a>\n\n  <\/div>\n<\/div>\n\n\n\n<!-- &#x1f5fa;&#xfe0f; Banner con enlace al mapa tur\u00edstico -->\n<a href=\"https:\/\/ituzaingo.gob.ar\/turismo\/wp-content\/uploads\/2025\/12\/plano_itu_opt.pdf\" target=\"_blank\" class=\"banner-mapa-solo\">\n  <img decoding=\"async\" src=\"https:\/\/ituzaingo.gob.ar\/turismo\/wp-content\/uploads\/2025\/11\/banner-02-1.png\" \n       alt=\"Descarg\u00e1 el mapa tur\u00edstico de Ituzaing\u00f3\">\n<\/a>\n\n<style>\n.banner-mapa-solo {\n  display: block;\n  max-width: 900px;\n  margin: 2rem auto;\n  border-radius: 16px;\n  overflow: hidden;\n  box-shadow: 0 4px 12px rgba(0,0,0,0.1);\n  transition: transform 0.3s ease, box-shadow 0.3s ease;\n}\n.banner-mapa-solo img {\n  width: 100%;\n  height: auto;\n  display: block;\n}\n.banner-mapa-solo:hover {\n  transform: scale(1.02);\n  box-shadow: 0 6px 18px rgba(0,0,0,0.2);\n}\n<\/style>\n\n\n\n<p><\/p>\n","protected":false},"excerpt":{"rendered":"<p>Para\u00edso Natural \u00bfQu\u00e9 hacer en Itu? Alojamientos Gastronom\u00eda Experiencias imperdibles Nuestras Fiestas Servicios<\/p>\n","protected":false},"author":2,"featured_media":0,"parent":0,"menu_order":0,"comment_status":"closed","ping_status":"closed","template":"","meta":{"footnotes":""},"class_list":["post-32","page","type-page","status-publish","hentry"],"blocksy_meta":[],"_links":{"self":[{"href":"https:\/\/ituzaingo.gob.ar\/turismo\/wp-json\/wp\/v2\/pages\/32","targetHints":{"allow":["GET"]}}],"collection":[{"href":"https:\/\/ituzaingo.gob.ar\/turismo\/wp-json\/wp\/v2\/pages"}],"about":[{"href":"https:\/\/ituzaingo.gob.ar\/turismo\/wp-json\/wp\/v2\/types\/page"}],"author":[{"embeddable":true,"href":"https:\/\/ituzaingo.gob.ar\/turismo\/wp-json\/wp\/v2\/users\/2"}],"replies":[{"embeddable":true,"href":"https:\/\/ituzaingo.gob.ar\/turismo\/wp-json\/wp\/v2\/comments?post=32"}],"version-history":[{"count":127,"href":"https:\/\/ituzaingo.gob.ar\/turismo\/wp-json\/wp\/v2\/pages\/32\/revisions"}],"predecessor-version":[{"id":103030,"href":"https:\/\/ituzaingo.gob.ar\/turismo\/wp-json\/wp\/v2\/pages\/32\/revisions\/103030"}],"wp:attachment":[{"href":"https:\/\/ituzaingo.gob.ar\/turismo\/wp-json\/wp\/v2\/media?parent=32"}],"curies":[{"name":"wp","href":"https:\/\/api.w.org\/{rel}","templated":true}]}}